{"id":492,"date":"2022-12-30T17:12:02","date_gmt":"2022-12-30T17:12:02","guid":{"rendered":"http:\/\/localhost\/Sabugal\/wordpress\/?page_id=492"},"modified":"2026-03-13T11:46:18","modified_gmt":"2026-03-13T11:46:18","slug":"orgaos","status":"publish","type":"page","link":"https:\/\/aesabugal.pt\/exp\/orgaos\/","title":{"rendered":"\u00d3rg\u00e3os"},"content":{"rendered":"\n<p style=\"font-size:clamp(16.293px, 1.018rem + ((1vw - 3.2px) * 0.907), 25px);\"><strong>Dire\u00e7\u00e3o<\/strong><\/p>\n\n\n\n<p><strong>Diretor:<\/strong><\/p>\n\n\n\n<ul class=\"wp-block-list\">\n<li>Ant\u00f3nio Carlos Pereira dos Santos <\/li>\n<\/ul>\n\n\n\n<p><strong>Subdiretor:<\/strong><\/p>\n\n\n\n<ul class=\"wp-block-list\">\n<li>V\u00edtor Manuel Rodrigues Pires<\/li>\n<\/ul>\n\n\n\n<p><strong>Adjuntos:<\/strong><\/p>\n\n\n\n<ul class=\"wp-block-list\">\n<li>Florinda Maria Pires Bicheiro<\/li>\n\n\n\n<li>Maria Jos\u00e9 Franco Nobre Lousa<\/li>\n\n\n\n<li>Mariana Vinhas Sanches B\u00e1rrios<\/li>\n<\/ul>\n\n\n\n<p style=\"font-size:clamp(16.293px, 1.018rem + ((1vw - 3.2px) * 0.907), 25px);\"><strong>Conselho Administrativo<\/strong><\/p>\n\n\n\n<p><strong>Presidente:<\/strong><\/p>\n\n\n\n<ul class=\"wp-block-list\">\n<li>Ant\u00f3nio Carlos Pereira dos Santos <\/li>\n<\/ul>\n\n\n\n<p><strong>Vice-presidente:<\/strong><\/p>\n\n\n\n<ul class=\"wp-block-list\">\n<li>V\u00edtor Manuel Rodrigues Pires<\/li>\n<\/ul>\n\n\n\n<p><strong>Secret\u00e1ria:<\/strong><\/p>\n\n\n\n<ul class=\"wp-block-list\">\n<li>Maria Filomena A. C. Antunes Afonso<\/li>\n<\/ul>\n\n\n\n<p><\/p>\n\n\n\n<p><\/p>\n\n\n\n<p style=\"font-size:clamp(16.293px, 1.018rem + ((1vw - 3.2px) * 0.907), 25px);\"><strong>Conselho Pedag\u00f3gico<\/strong><\/p>\n\n\n\n<ul class=\"wp-block-list\">\n<li>Ant\u00f3nio Carlos Pereira dos Santos &#8211; Presidente<\/li>\n\n\n\n<li>Elisabete Clara Moreira Martins<\/li>\n\n\n\n<li>Fernando Pereira Teixeira Escaleira<\/li>\n\n\n\n<li>Jo\u00e3o Carlos Vila Flor<\/li>\n\n\n\n<li>Jo\u00e3o Manuel Manso Dias<\/li>\n\n\n\n<li>Jos\u00e9 Maria dos Santos Coelho<\/li>\n\n\n\n<li>Jos\u00e9 Proen\u00e7a Gon\u00e7alves<\/li>\n\n\n\n<li>Maria Alcina Carvalho Matias Barata<\/li>\n\n\n\n<li>Maria Alcina Santos Alves Gon\u00e7alves<\/li>\n\n\n\n<li>Maria do Carmo Domingos Alexandre Serra<\/li>\n\n\n\n<li>Maria Teresa Monteiro Pires<\/li>\n\n\n\n<li>Mariana Nazar\u00e9 Vaz Mendes Lopes<\/li>\n\n\n\n<li>S\u00edlvia Maria dos Santos Barros<\/li>\n<\/ul>\n\n\n\n<p><\/p>\n\n\n\n<p><\/p>\n\n\n\n<p style=\"font-size:clamp(16.293px, 1.018rem + ((1vw - 3.2px) * 0.907), 25px);\"><strong>Conselho Geral<\/strong><\/p>\n\n\n\n<p><strong>Representantes dos docentes<\/strong><\/p>\n\n\n\n<ul class=\"wp-block-list\">\n<li>Ana Margarida Maximiano Ferreira<\/li>\n\n\n\n<li>Br\u00edgida Lopes Garcia<\/li>\n\n\n\n<li>Carlos Alberto Marques Lopes<\/li>\n\n\n\n<li>Cristina Maria Ferreira dos Santos Cruz<\/li>\n\n\n\n<li>Emanuel Fernando Passos Martins<\/li>\n\n\n\n<li>Paula Alexandra Carri\u00e7o Dias Pereira<\/li>\n\n\n\n<li>Teresa Maria Peres Monteiro<\/li>\n<\/ul>\n\n\n\n<p><strong>Representantes de Pais e Encarregados de Educa\u00e7\u00e3o<\/strong><\/p>\n\n\n\n<ul class=\"wp-block-list\">\n<li>Ana Patr\u00edcia Fernandes Oliveira<\/li>\n\n\n\n<li>Cl\u00e1udia Sofia Cristina Mendes Mariz<\/li>\n\n\n\n<li>Let\u00edcia Antunes Jer\u00f3nimo Mota<\/li>\n\n\n\n<li>Marta In\u00eas Fernandes Craveiro da Silva J\u00f3ia<\/li>\n\n\n\n<li>Susana Catarina Martins Rodrigues<\/li>\n<\/ul>\n\n\n\n<p><strong>Representantes do pessoal n\u00e3o docente<\/strong><\/p>\n\n\n\n<ul class=\"wp-block-list\">\n<li>Maria Filomena A. C. Antunes Afonso<\/li>\n\n\n\n<li>Maria Manuela Vaz Mendes Valente<\/li>\n<\/ul>\n\n\n\n<p><strong>Representantes da Autarquia<\/strong><\/p>\n\n\n\n<ul class=\"wp-block-list\">\n<li>Amadeu Paula Neves<\/li>\n\n\n\n<li>Ana Maria Tom\u00e9 Morgado Pires<\/li>\n\n\n\n<li>S\u00edlvia Gon\u00e7alves Nabais &#8211; <strong>Presidente<\/strong><\/li>\n<\/ul>\n\n\n\n<p><strong>Representante dos alunos<\/strong><\/p>\n\n\n\n<ul class=\"wp-block-list\">\n<li>Leonor Ferreira In\u00e1cio<\/li>\n<\/ul>\n\n\n\n<p><strong>Representantes da Comunidade Local<\/strong><\/p>\n\n\n\n<ul class=\"wp-block-list\">\n<li>Ana Lu\u00edsa Fonseca de Brito Monteiro<\/li>\n\n\n\n<li>Liliana Cristina Candeias Nunes<\/li>\n<\/ul>\n\n\n\n<p><\/p>\n","protected":false},"excerpt":{"rendered":"<p>Dire\u00e7\u00e3o Diretor: Subdiretor: Adjuntos: Conselho Administrativo Presidente: Vice-presidente: Secret\u00e1ria: Conselho Pedag\u00f3gico Conselho Geral Representantes dos docentes Representantes de Pais e Encarregados de Educa\u00e7\u00e3o Representantes do pessoal n\u00e3o docente Representantes da Autarquia Representante dos alunos Representantes da Comunidade Local<\/p>\n","protected":false},"author":3,"featured_media":0,"parent":0,"menu_order":0,"comment_status":"closed","ping_status":"closed","template":"","meta":{"footnotes":""},"class_list":["post-492","page","type-page","status-publish","hentry"],"_links":{"self":[{"href":"https:\/\/aesabugal.pt\/exp\/wp-json\/wp\/v2\/pages\/492","targetHints":{"allow":["GET"]}}],"collection":[{"href":"https:\/\/aesabugal.pt\/exp\/wp-json\/wp\/v2\/pages"}],"about":[{"href":"https:\/\/aesabugal.pt\/exp\/wp-json\/wp\/v2\/types\/page"}],"author":[{"embeddable":true,"href":"https:\/\/aesabugal.pt\/exp\/wp-json\/wp\/v2\/users\/3"}],"replies":[{"embeddable":true,"href":"https:\/\/aesabugal.pt\/exp\/wp-json\/wp\/v2\/comments?post=492"}],"version-history":[{"count":26,"href":"https:\/\/aesabugal.pt\/exp\/wp-json\/wp\/v2\/pages\/492\/revisions"}],"predecessor-version":[{"id":3683,"href":"https:\/\/aesabugal.pt\/exp\/wp-json\/wp\/v2\/pages\/492\/revisions\/3683"}],"wp:attachment":[{"href":"https:\/\/aesabugal.pt\/exp\/wp-json\/wp\/v2\/media?parent=492"}],"curies":[{"name":"wp","href":"https:\/\/api.w.org\/{rel}","templated":true}]}}