{"id":479,"date":"2022-12-30T16:16:51","date_gmt":"2022-12-30T16:16:51","guid":{"rendered":"http:\/\/localhost\/Sabugal\/wordpress\/?page_id=479"},"modified":"2026-03-13T11:23:56","modified_gmt":"2026-03-13T11:23:56","slug":"escolas","status":"publish","type":"page","link":"https:\/\/aesabugal.pt\/exp\/escolas\/","title":{"rendered":"Agrupamento de Escolas do Sabugal"},"content":{"rendered":"\n<h3 class=\"wp-block-heading\" style=\"padding-bottom:var(--wp--preset--spacing--10);font-size:clamp(16.293px, 1.018rem + ((1vw - 3.2px) * 0.907), 25px);\"><strong>Escolas do Pr\u00e9-Escolar<\/strong><\/h3>\n\n\n\n<p class=\"has-custom-color-1-color has-text-color has-link-color wp-elements-16e3cfd8e293410b4e88eb7b30a87bde\">Jardim Inf\u00e2ncia Aldeia de S. Ant\u00f3nio <\/p>\n\n\n\n<p class=\"has-custom-color-1-color has-text-color has-link-color wp-elements-3708cdfa2d67adc02103a067f0aa392e\">Jardim Inf\u00e2ncia Aldeia Velha<\/p>\n\n\n\n<p class=\"has-custom-color-1-color has-text-color has-link-color wp-elements-b692af1d69d2253d9bc9ab56c8694c80\">Jardim Inf\u00e2ncia Sabugal<\/p>\n\n\n\n<p class=\"has-custom-color-1-color has-text-color has-link-color wp-elements-50d878ff1acd7b5bcfaaf66ec6347583\">Jardim Inf\u00e2ncia Souto<\/p>\n\n\n\n<h3 class=\"wp-block-heading\" style=\"padding-top:var(--wp--preset--spacing--20);padding-bottom:var(--wp--preset--spacing--10);font-size:clamp(16.293px, 1.018rem + ((1vw - 3.2px) * 0.907), 25px);\"><strong>Escolas do 1\u00ba Ciclo<\/strong><\/h3>\n\n\n\n<p class=\"has-custom-color-1-color has-text-color has-link-color wp-elements-05396bc42df979c7f86b7073507f23d9\">Escola B\u00e1sica do 1\u00ba Ciclo  Aldeia S. Ant\u00f3nio<\/p>\n\n\n\n<p class=\"has-custom-color-1-color has-text-color has-link-color wp-elements-b145b7158f4234b2f522cfa1f6696b0d\">Escola B\u00e1sica do 1\u00ba Ciclo  Aldeia Velha<\/p>\n\n\n\n<p class=\"has-custom-color-1-color has-text-color has-link-color wp-elements-d5cadf49ba201bb8c77e0d3f842508d4\">Escola B\u00e1sica do 1\u00ba Ciclo  Cerdeira do C\u00f4a<\/p>\n\n\n\n<p class=\"has-custom-color-1-color has-text-color has-link-color wp-elements-ba982d6c3fc246cdd998d1ac37fd9bce\">Escola B\u00e1sica do 1\u00ba Ciclo  Sabugal<\/p>\n\n\n\n<p class=\"has-custom-color-1-color has-text-color has-link-color wp-elements-181b38680f242d275ca4f047c79e4991\">Escola B\u00e1sica do 1\u00ba Ciclo  Soito<\/p>\n\n\n\n<h3 class=\"wp-block-heading\" style=\"padding-top:var(--wp--preset--spacing--20);padding-bottom:var(--wp--preset--spacing--10);font-size:clamp(16.293px, 1.018rem + ((1vw - 3.2px) * 0.907), 25px);\"><strong>Escolas do 2\u00ba Ciclo<\/strong><\/h3>\n\n\n\n<p class=\"has-custom-color-1-color has-text-color has-link-color wp-elements-ed2d62ac14b44d9093d9dc7cb6449115\">Escola B\u00e1sica do 2.\u00ba Ciclo de Sabugal<\/p>\n\n\n\n<h3 class=\"wp-block-heading\" style=\"padding-top:var(--wp--preset--spacing--20);padding-bottom:var(--wp--preset--spacing--10);font-size:clamp(16.293px, 1.018rem + ((1vw - 3.2px) * 0.907), 25px);\"><strong>Escolas do 3\u00ba Ciclo\/Secund\u00e1rio<\/strong><\/h3>\n\n\n\n<p class=\"has-custom-color-1-color has-text-color has-link-color wp-elements-de653ff93660278384a8261e60dc64ba\" style=\"padding-bottom:var(--wp--preset--spacing--30)\">Escola Secund\u00e1ria com 3.\u00baCiclo de Sabugal<\/p>\n\n\n\n<p><\/p>\n","protected":false},"excerpt":{"rendered":"<p>Escolas do Pr\u00e9-Escolar Jardim Inf\u00e2ncia Aldeia de S. Ant\u00f3nio Jardim Inf\u00e2ncia Aldeia Velha Jardim Inf\u00e2ncia Sabugal Jardim Inf\u00e2ncia Souto Escolas do 1\u00ba Ciclo Escola B\u00e1sica do 1\u00ba Ciclo Aldeia S. Ant\u00f3nio Escola B\u00e1sica do 1\u00ba Ciclo Aldeia Velha Escola B\u00e1sica do 1\u00ba Ciclo Cerdeira do C\u00f4a Escola B\u00e1sica do 1\u00ba Ciclo Sabugal Escola B\u00e1sica do [&hellip;]<\/p>\n","protected":false},"author":3,"featured_media":0,"parent":0,"menu_order":0,"comment_status":"closed","ping_status":"closed","template":"","meta":{"footnotes":""},"class_list":["post-479","page","type-page","status-publish","hentry"],"_links":{"self":[{"href":"https:\/\/aesabugal.pt\/exp\/wp-json\/wp\/v2\/pages\/479","targetHints":{"allow":["GET"]}}],"collection":[{"href":"https:\/\/aesabugal.pt\/exp\/wp-json\/wp\/v2\/pages"}],"about":[{"href":"https:\/\/aesabugal.pt\/exp\/wp-json\/wp\/v2\/types\/page"}],"author":[{"embeddable":true,"href":"https:\/\/aesabugal.pt\/exp\/wp-json\/wp\/v2\/users\/3"}],"replies":[{"embeddable":true,"href":"https:\/\/aesabugal.pt\/exp\/wp-json\/wp\/v2\/comments?post=479"}],"version-history":[{"count":16,"href":"https:\/\/aesabugal.pt\/exp\/wp-json\/wp\/v2\/pages\/479\/revisions"}],"predecessor-version":[{"id":3669,"href":"https:\/\/aesabugal.pt\/exp\/wp-json\/wp\/v2\/pages\/479\/revisions\/3669"}],"wp:attachment":[{"href":"https:\/\/aesabugal.pt\/exp\/wp-json\/wp\/v2\/media?parent=479"}],"curies":[{"name":"wp","href":"https:\/\/api.w.org\/{rel}","templated":true}]}}