{"id":2905,"date":"2025-12-17T13:37:31","date_gmt":"2025-12-17T13:37:31","guid":{"rendered":"https:\/\/aesabugal.pt\/exp\/atividades\/"},"modified":"2026-03-17T11:48:10","modified_gmt":"2026-03-17T11:48:10","slug":"atividades","status":"publish","type":"page","link":"https:\/\/aesabugal.pt\/exp\/atividades\/","title":{"rendered":"Atividades"},"content":{"rendered":"\n<div class=\"wp-block-columns is-layout-flex wp-container-core-columns-is-layout-28232c24 wp-block-columns-is-layout-flex\">\n<div class=\"wp-block-column is-layout-flow wp-block-column-is-layout-flow\" style=\"flex-basis:100%\">\n<div style=\"height:0px\" aria-hidden=\"true\" class=\"wp-block-spacer\"><\/div>\n\n\n\n<div class=\"wp-block-group has-global-padding is-layout-constrained wp-block-group-is-layout-constrained\">\n<div data-wp-context=\"{ &quot;autoclose&quot;: false, &quot;accordionItems&quot;: [] }\" data-wp-interactive=\"core\/accordion\" role=\"group\" class=\"wp-block-accordion is-layout-flow wp-block-accordion-is-layout-flow\">\n<div data-wp-class--is-open=\"state.isOpen\" data-wp-context=\"{ &quot;id&quot;: &quot;accordion-item-1&quot;, &quot;openByDefault&quot;: false }\" data-wp-init=\"callbacks.initAccordionItems\" data-wp-on-window--hashchange=\"callbacks.hashChange\" class=\"wp-block-accordion-item is-layout-flow wp-block-accordion-item-is-layout-flow\">\n<h3 class=\"wp-block-accordion-heading has-border-color has-base-2-color has-contrast-2-background-color has-text-color has-background has-link-color has-body-font-family wp-elements-60c7a0371c29bdc6807f8a146d8e23f8\" style=\"border-color:#EBEBEF;border-width:1px;border-top-left-radius:27px;border-top-right-radius:27px;border-bottom-left-radius:27px;border-bottom-right-radius:27px;font-size:clamp(21.536px, 1.346rem + ((1vw - 3.2px) * 1.403), 35px);\"><button aria-expanded=\"false\" aria-controls=\"accordion-item-1-panel\" data-wp-bind--aria-expanded=\"state.isOpen\" data-wp-on--click=\"actions.toggle\" data-wp-on--keydown=\"actions.handleKeyDown\" id=\"accordion-item-1\" type=\"button\" class=\"wp-block-accordion-heading__toggle\" style=\"padding-top:13px;padding-right:var(--wp--preset--spacing--20);padding-bottom:13px;padding-left:var(--wp--preset--spacing--20)\"><span class=\"wp-block-accordion-heading__toggle-title\"><strong>Atividades<\/strong><\/span><span class=\"wp-block-accordion-heading__toggle-icon\" aria-hidden=\"true\">+<\/span><\/button><\/h3>\n\n\n\n<div inert aria-labelledby=\"accordion-item-1\" data-wp-bind--inert=\"!state.isOpen\" id=\"accordion-item-1-panel\" role=\"region\" class=\"wp-block-accordion-panel is-layout-flow wp-block-accordion-panel-is-layout-flow\"><ul style=\"line-height:2; padding-top:var(--wp--preset--spacing--10);padding-bottom:var(--wp--preset--spacing--10);padding-right:var(--wp--preset--spacing--10);padding-left:var(--wp--preset--spacing--10);margin-right:var(--wp--preset--spacing--10);margin-left:var(--wp--preset--spacing--10);margin-bottom:var(--wp--preset--spacing--10);margin-top:var(--wp--preset--spacing--10);\" class=\"wp-block-latest-posts__list has-link-color alignwide wp-elements-f8ac1bba7b2ede9ec83003370d20ffff wp-block-latest-posts has-text-color has-contrast-color has-background has-contrast-3-background-color has-small-font-size\"><li><a class=\"wp-block-latest-posts__post-title\" href=\"https:\/\/aesabugal.pt\/exp\/dia-da-alimentacao_-eb-cerdeira\/\">Dia da Alimenta\u00e7\u00e3o_ EB Cerdeira<\/a><\/li>\n<li><a class=\"wp-block-latest-posts__post-title\" href=\"https:\/\/aesabugal.pt\/exp\/dia-mundial-da-alimentacao-no-agrupamento-de-escolas-do-sabugal\/\">Dia Mundial da Alimenta\u00e7\u00e3o no Agrupamento de Escolas do Sabugal<\/a><\/li>\n<li><a class=\"wp-block-latest-posts__post-title\" href=\"https:\/\/aesabugal.pt\/exp\/dia-mundial-da-saude-mental-uma-mensagem-atraves-da-musica-e-do-movimento\/\">Dia Mundial da Sa\u00fade Mental \u2013 Uma mensagem atrav\u00e9s da m\u00fasica e do movimento<\/a><\/li>\n<li><a class=\"wp-block-latest-posts__post-title\" href=\"https:\/\/aesabugal.pt\/exp\/acao-de-formacao-sobre-a-diabetes-na-escola\/\">A\u00e7\u00e3o de Forma\u00e7\u00e3o sobre a &#8220;Diabetes na Escola&#8221;<\/a><\/li>\n<li><a class=\"wp-block-latest-posts__post-title\" href=\"https:\/\/aesabugal.pt\/exp\/dignidade-menstrual\/\">Dignidade menstrual<\/a><\/li>\n<li><a class=\"wp-block-latest-posts__post-title\" href=\"https:\/\/aesabugal.pt\/exp\/iv-encontro-de-equipas-de-desenvolvimento-digital\/\">IV Encontro de Equipas de Desenvolvimento Digital<\/a><\/li>\n<li><a class=\"wp-block-latest-posts__post-title\" href=\"https:\/\/aesabugal.pt\/exp\/os-5-quinas-do-clima\/\">OS 5 QUINAS DO CLIMA<\/a><\/li>\n<li><a class=\"wp-block-latest-posts__post-title\" href=\"https:\/\/aesabugal.pt\/exp\/educacao-tecnologica-6-o-e-8-o-ano\/\">EDUCA\u00c7\u00c3O TECNOL\u00d3GICA &#8211; 6.\u00ba e 8.\u00ba ano<\/a><\/li>\n<li><a class=\"wp-block-latest-posts__post-title\" href=\"https:\/\/aesabugal.pt\/exp\/celebracao-do-dia-da-europa-de-portugal-e-dos-500-anos-de-camoes-no-agrupamento-de-escolas-do-sabugal\/\">Celebra\u00e7\u00e3o do Dia da Europa, de Portugal e dos 500 Anos de Cam\u00f5es no Agrupamento de escolas do Sabugal<\/a><\/li>\n<li><a class=\"wp-block-latest-posts__post-title\" href=\"https:\/\/aesabugal.pt\/exp\/desporto-escolar-de-sobre-rodas\/\">DESPORTO ESCOLAR | DE SOBRE RODAS<\/a><\/li>\n<\/ul><\/div>\n<\/div>\n<\/div>\n<\/div>\n<\/div>\n<\/div>\n\n\n\n<div style=\"height:131px\" aria-hidden=\"true\" class=\"wp-block-spacer\"><\/div>\n","protected":false},"excerpt":{"rendered":"","protected":false},"author":6,"featured_media":0,"parent":0,"menu_order":0,"comment_status":"closed","ping_status":"closed","template":"page-no-title","meta":{"footnotes":""},"class_list":["post-2905","page","type-page","status-publish","hentry"],"_links":{"self":[{"href":"https:\/\/aesabugal.pt\/exp\/wp-json\/wp\/v2\/pages\/2905","targetHints":{"allow":["GET"]}}],"collection":[{"href":"https:\/\/aesabugal.pt\/exp\/wp-json\/wp\/v2\/pages"}],"about":[{"href":"https:\/\/aesabugal.pt\/exp\/wp-json\/wp\/v2\/types\/page"}],"author":[{"embeddable":true,"href":"https:\/\/aesabugal.pt\/exp\/wp-json\/wp\/v2\/users\/6"}],"replies":[{"embeddable":true,"href":"https:\/\/aesabugal.pt\/exp\/wp-json\/wp\/v2\/comments?post=2905"}],"version-history":[{"count":20,"href":"https:\/\/aesabugal.pt\/exp\/wp-json\/wp\/v2\/pages\/2905\/revisions"}],"predecessor-version":[{"id":3897,"href":"https:\/\/aesabugal.pt\/exp\/wp-json\/wp\/v2\/pages\/2905\/revisions\/3897"}],"wp:attachment":[{"href":"https:\/\/aesabugal.pt\/exp\/wp-json\/wp\/v2\/media?parent=2905"}],"curies":[{"name":"wp","href":"https:\/\/api.w.org\/{rel}","templated":true}]}}