{"id":1969,"date":"2025-01-15T17:33:40","date_gmt":"2025-01-15T17:33:40","guid":{"rendered":"https:\/\/aesabugal.pt\/exp\/?page_id=1969"},"modified":"2025-01-15T17:37:08","modified_gmt":"2025-01-15T17:37:08","slug":"autoavaliacao-2","status":"publish","type":"page","link":"https:\/\/aesabugal.pt\/exp\/autoavaliacao-2\/","title":{"rendered":"Regimento"},"content":{"rendered":"\n<hr class=\"wp-block-separator has-text-color has-alpha-channel-opacity has-background is-style-wide\" style=\"margin-top:var(--wp--preset--spacing--20);margin-bottom:var(--wp--preset--spacing--20);background-color:#0d5b89;color:#0d5b89\"\/>\n\n\n\n<p><\/p>\n\n\n\n<div class=\"wp-block-group is-vertical is-layout-flex wp-container-core-group-is-layout-fe9cc265 wp-block-group-is-layout-flex\">\n<div class=\"wp-block-group has-global-padding is-layout-constrained wp-block-group-is-layout-constrained\">\n<div class=\"wp-block-columns is-layout-flex wp-container-core-columns-is-layout-28f84493 wp-block-columns-is-layout-flex\">\n<div class=\"wp-block-column is-layout-flow wp-block-column-is-layout-flow\" style=\"flex-basis:100%\">\n<div class=\"wp-block-group is-vertical is-layout-flex wp-container-core-group-is-layout-fe9cc265 wp-block-group-is-layout-flex\">\n<div class=\"wp-block-group has-global-padding is-layout-constrained wp-block-group-is-layout-constrained\">\n<p class=\"has-medium-font-size\"><\/p>\n<\/div>\n<\/div>\n<\/div>\n<\/div>\n\n\n\n<p class=\"has-medium-font-size\">Regimento de Centro de Apoio \u00e0 Aprendizagem (CAA) 2024-2025<a href=\"https:\/\/aesabugal.pt\/exp\/wp-content\/uploads\/2025\/01\/Regimento-CAA-2024-2025.pdf\" target=\"_blank\" rel=\"noreferrer noopener\"><img loading=\"lazy\" decoding=\"async\" width=\"25\" height=\"25\" class=\"wp-image-1951\" style=\"width: 25px;\" src=\"https:\/\/aesabugal.pt\/exp\/wp-content\/uploads\/2025\/01\/pdf.png\" alt=\"\" srcset=\"https:\/\/aesabugal.pt\/exp\/wp-content\/uploads\/2025\/01\/pdf.png 1200w, https:\/\/aesabugal.pt\/exp\/wp-content\/uploads\/2025\/01\/pdf-300x300.png 300w, https:\/\/aesabugal.pt\/exp\/wp-content\/uploads\/2025\/01\/pdf-1024x1024.png 1024w, https:\/\/aesabugal.pt\/exp\/wp-content\/uploads\/2025\/01\/pdf-150x150.png 150w, https:\/\/aesabugal.pt\/exp\/wp-content\/uploads\/2025\/01\/pdf-768x768.png 768w\" sizes=\"auto, (max-width: 25px) 100vw, 25px\" \/><\/a><\/p>\n\n\n\n<p class=\"has-medium-font-size\">Regimento da Equipa Multidisciplinar de Apoio \u00e0 Educa\u00e7\u00e3o Inclusiva (EMAEI) 2024-2025<a href=\"https:\/\/aesabugal.pt\/exp\/wp-content\/uploads\/2025\/01\/Regimento-EMAEI-2024-2025.pdf\" target=\"_blank\" rel=\"noreferrer noopener\"><img loading=\"lazy\" decoding=\"async\" width=\"25\" height=\"25\" class=\"wp-image-1951\" style=\"width: 25px;\" src=\"https:\/\/aesabugal.pt\/exp\/wp-content\/uploads\/2025\/01\/pdf.png\" alt=\"\" srcset=\"https:\/\/aesabugal.pt\/exp\/wp-content\/uploads\/2025\/01\/pdf.png 1200w, https:\/\/aesabugal.pt\/exp\/wp-content\/uploads\/2025\/01\/pdf-300x300.png 300w, https:\/\/aesabugal.pt\/exp\/wp-content\/uploads\/2025\/01\/pdf-1024x1024.png 1024w, https:\/\/aesabugal.pt\/exp\/wp-content\/uploads\/2025\/01\/pdf-150x150.png 150w, https:\/\/aesabugal.pt\/exp\/wp-content\/uploads\/2025\/01\/pdf-768x768.png 768w\" sizes=\"auto, (max-width: 25px) 100vw, 25px\" \/><\/a><\/p>\n<\/div>\n<\/div>\n\n\n\n<p><\/p>\n\n\n\n<p class=\"has-medium-font-size\"><\/p>\n\n\n\n<p><\/p>\n","protected":false},"excerpt":{"rendered":"<p>Regimento de Centro de Apoio \u00e0 Aprendizagem (CAA) 2024-2025 Regimento da Equipa Multidisciplinar de Apoio \u00e0 Educa\u00e7\u00e3o Inclusiva (EMAEI) 2024-2025<\/p>\n","protected":false},"author":6,"featured_media":0,"parent":0,"menu_order":0,"comment_status":"closed","ping_status":"closed","template":"","meta":{"footnotes":""},"class_list":["post-1969","page","type-page","status-publish","hentry"],"_links":{"self":[{"href":"https:\/\/aesabugal.pt\/exp\/wp-json\/wp\/v2\/pages\/1969","targetHints":{"allow":["GET"]}}],"collection":[{"href":"https:\/\/aesabugal.pt\/exp\/wp-json\/wp\/v2\/pages"}],"about":[{"href":"https:\/\/aesabugal.pt\/exp\/wp-json\/wp\/v2\/types\/page"}],"author":[{"embeddable":true,"href":"https:\/\/aesabugal.pt\/exp\/wp-json\/wp\/v2\/users\/6"}],"replies":[{"embeddable":true,"href":"https:\/\/aesabugal.pt\/exp\/wp-json\/wp\/v2\/comments?post=1969"}],"version-history":[{"count":2,"href":"https:\/\/aesabugal.pt\/exp\/wp-json\/wp\/v2\/pages\/1969\/revisions"}],"predecessor-version":[{"id":1975,"href":"https:\/\/aesabugal.pt\/exp\/wp-json\/wp\/v2\/pages\/1969\/revisions\/1975"}],"wp:attachment":[{"href":"https:\/\/aesabugal.pt\/exp\/wp-json\/wp\/v2\/media?parent=1969"}],"curies":[{"name":"wp","href":"https:\/\/api.w.org\/{rel}","templated":true}]}}