{"id":1934,"date":"2025-01-15T16:41:33","date_gmt":"2025-01-15T16:41:33","guid":{"rendered":"https:\/\/aesabugal.pt\/exp\/?page_id=1934"},"modified":"2025-01-26T16:57:11","modified_gmt":"2025-01-26T16:57:11","slug":"autoavaliacao","status":"publish","type":"page","link":"https:\/\/aesabugal.pt\/exp\/autoavaliacao\/","title":{"rendered":"Monitoriza\u00e7\u00e3o AFC"},"content":{"rendered":"\n<hr class=\"wp-block-separator has-text-color has-alpha-channel-opacity has-background is-style-wide\" style=\"margin-top:var(--wp--preset--spacing--20);margin-bottom:var(--wp--preset--spacing--20);background-color:#0d5b89;color:#0d5b89\"\/>\n\n\n\n<div class=\"wp-block-group is-horizontal is-content-justification-left is-nowrap is-layout-flex wp-container-core-group-is-layout-3b883f6b wp-block-group-is-layout-flex\">\n<div class=\"wp-block-group has-global-padding is-layout-constrained wp-block-group-is-layout-constrained\">\n<div class=\"wp-block-columns is-layout-flex wp-container-core-columns-is-layout-28f84493 wp-block-columns-is-layout-flex\">\n<div class=\"wp-block-column is-layout-flow wp-block-column-is-layout-flow\" style=\"flex-basis:100%\">\n<div class=\"wp-block-group is-vertical is-layout-flex wp-container-core-group-is-layout-fe9cc265 wp-block-group-is-layout-flex\">\n<div class=\"wp-block-group has-vivid-cyan-blue-color has-text-color has-link-color wp-elements-a525246139d78169fcab9553d42f1380 has-global-padding is-layout-constrained wp-block-group-is-layout-constrained\">\n<p class=\"has-medium-font-size\"><strong>Ano Letivo 2023-2024<\/strong><\/p>\n<\/div>\n<\/div>\n<\/div>\n<\/div>\n\n\n\n<p class=\"has-medium-font-size\"><strong>Pr\u00e1ticas Inovadoras de Refer\u00eancia<\/strong> <a href=\"https:\/\/aesabugal.pt\/exp\/wp-content\/uploads\/2025\/01\/Praticas-_Referencia_2023-2024.pdf\" target=\"_blank\" rel=\"noreferrer noopener\"><img loading=\"lazy\" decoding=\"async\" width=\"25\" height=\"25\" class=\"wp-image-1951\" style=\"width: 25px;\" src=\"https:\/\/aesabugal.pt\/exp\/wp-content\/uploads\/2025\/01\/pdf.png\" alt=\"\" srcset=\"https:\/\/aesabugal.pt\/exp\/wp-content\/uploads\/2025\/01\/pdf.png 1200w, https:\/\/aesabugal.pt\/exp\/wp-content\/uploads\/2025\/01\/pdf-300x300.png 300w, https:\/\/aesabugal.pt\/exp\/wp-content\/uploads\/2025\/01\/pdf-1024x1024.png 1024w, https:\/\/aesabugal.pt\/exp\/wp-content\/uploads\/2025\/01\/pdf-150x150.png 150w, https:\/\/aesabugal.pt\/exp\/wp-content\/uploads\/2025\/01\/pdf-768x768.png 768w\" sizes=\"auto, (max-width: 25px) 100vw, 25px\" \/><\/a><\/p>\n\n\n\n<p class=\"has-medium-font-size\"><strong>Evid\u00eancias &#8211; <strong>Maquetes Projetos \u2013 8.\u00ba Ano<\/strong> <\/strong> <a href=\"https:\/\/aesabugal.pt\/exp\/wp-content\/uploads\/2025\/01\/Evidencias-doc1-PA.pdf\" target=\"_blank\" rel=\"noreferrer noopener\"><img loading=\"lazy\" decoding=\"async\" width=\"25\" height=\"25\" class=\"wp-image-1951\" style=\"width: 25px;\" src=\"https:\/\/aesabugal.pt\/exp\/wp-content\/uploads\/2025\/01\/pdf.png\" alt=\"\" srcset=\"https:\/\/aesabugal.pt\/exp\/wp-content\/uploads\/2025\/01\/pdf.png 1200w, https:\/\/aesabugal.pt\/exp\/wp-content\/uploads\/2025\/01\/pdf-300x300.png 300w, https:\/\/aesabugal.pt\/exp\/wp-content\/uploads\/2025\/01\/pdf-1024x1024.png 1024w, https:\/\/aesabugal.pt\/exp\/wp-content\/uploads\/2025\/01\/pdf-150x150.png 150w, https:\/\/aesabugal.pt\/exp\/wp-content\/uploads\/2025\/01\/pdf-768x768.png 768w\" sizes=\"auto, (max-width: 25px) 100vw, 25px\" \/><\/a><\/p>\n\n\n\n<div class=\"wp-block-group has-global-padding is-layout-constrained wp-block-group-is-layout-constrained\">\n<p class=\"has-medium-font-size\"><strong><strong>Evid\u00eancias &#8211; Projetos Investigativos \u2013 12.\u00ba Ano<\/strong><\/strong> <a href=\"https:\/\/aesabugal.pt\/exp\/wp-content\/uploads\/2025\/01\/Evidencias-doc2-PA.pdf\" target=\"_blank\" rel=\"noreferrer noopener\"><img loading=\"lazy\" decoding=\"async\" width=\"25\" height=\"25\" class=\"wp-image-1951\" style=\"width: 25px;\" src=\"https:\/\/aesabugal.pt\/exp\/wp-content\/uploads\/2025\/01\/pdf.png\" alt=\"\" srcset=\"https:\/\/aesabugal.pt\/exp\/wp-content\/uploads\/2025\/01\/pdf.png 1200w, https:\/\/aesabugal.pt\/exp\/wp-content\/uploads\/2025\/01\/pdf-300x300.png 300w, https:\/\/aesabugal.pt\/exp\/wp-content\/uploads\/2025\/01\/pdf-1024x1024.png 1024w, https:\/\/aesabugal.pt\/exp\/wp-content\/uploads\/2025\/01\/pdf-150x150.png 150w, https:\/\/aesabugal.pt\/exp\/wp-content\/uploads\/2025\/01\/pdf-768x768.png 768w\" sizes=\"auto, (max-width: 25px) 100vw, 25px\" \/><\/a><\/p>\n\n\n\n<p><\/p>\n<\/div>\n<\/div>\n<\/div>\n\n\n\n<div class=\"wp-block-columns is-layout-flex wp-container-core-columns-is-layout-28f84493 wp-block-columns-is-layout-flex\">\n<div class=\"wp-block-column is-layout-flow wp-block-column-is-layout-flow\" style=\"flex-basis:100%\">\n<div class=\"wp-block-group is-vertical is-layout-flex wp-container-core-group-is-layout-fe9cc265 wp-block-group-is-layout-flex\">\n<div class=\"wp-block-group has-vivid-cyan-blue-color has-text-color has-link-color wp-elements-1333f69b102b7cb31ba97ae0fc8310ea has-global-padding is-layout-constrained wp-block-group-is-layout-constrained\">\n<div class=\"wp-block-group has-global-padding is-layout-constrained wp-block-group-is-layout-constrained\">\n<p class=\"has-medium-font-size\"><strong>Ano Letivo 2022-202<\/strong>3<\/p>\n<\/div>\n<\/div>\n\n\n\n<p class=\"has-medium-font-size\"><strong>Op\u00e7\u00f5es Curriculares_Pedag\u00f3gicas<\/strong> <a href=\"https:\/\/aesabugal.pt\/exp\/wp-content\/uploads\/2025\/01\/2022-23_AFC_Opcoes-Curriculares_Pedagogicas.pdf\" target=\"_blank\" rel=\"noreferrer noopener\"><img loading=\"lazy\" decoding=\"async\" width=\"25\" height=\"25\" class=\"wp-image-1951\" style=\"width: 25px;\" src=\"https:\/\/aesabugal.pt\/exp\/wp-content\/uploads\/2025\/01\/pdf.png\" alt=\"\" srcset=\"https:\/\/aesabugal.pt\/exp\/wp-content\/uploads\/2025\/01\/pdf.png 1200w, https:\/\/aesabugal.pt\/exp\/wp-content\/uploads\/2025\/01\/pdf-300x300.png 300w, https:\/\/aesabugal.pt\/exp\/wp-content\/uploads\/2025\/01\/pdf-1024x1024.png 1024w, https:\/\/aesabugal.pt\/exp\/wp-content\/uploads\/2025\/01\/pdf-150x150.png 150w, https:\/\/aesabugal.pt\/exp\/wp-content\/uploads\/2025\/01\/pdf-768x768.png 768w\" sizes=\"auto, (max-width: 25px) 100vw, 25px\" \/><\/a><\/p>\n\n\n\n<p><\/p>\n<\/div>\n<\/div>\n<\/div>\n\n\n\n<div class=\"wp-block-columns is-layout-flex wp-container-core-columns-is-layout-28f84493 wp-block-columns-is-layout-flex\">\n<div class=\"wp-block-column is-layout-flow wp-block-column-is-layout-flow\" style=\"flex-basis:100%\">\n<div class=\"wp-block-group has-global-padding is-layout-constrained wp-block-group-is-layout-constrained\">\n<div class=\"wp-block-group has-vivid-cyan-blue-color has-text-color has-link-color wp-elements-9248545c1cd0bd689c20344e6ab6c245 has-global-padding is-layout-constrained wp-block-group-is-layout-constrained\">\n<p class=\"has-medium-font-size\"><strong>Ano Letivo 2021-2022<\/strong><\/p>\n\n\n\n<p><\/p>\n<\/div>\n<\/div>\n<\/div>\n<\/div>\n\n\n\n<p class=\"has-medium-font-size\"><strong>Relat\u00f3rio AFC de Novembro<\/strong> <a href=\"https:\/\/aesabugal.pt\/exp\/wp-content\/uploads\/2025\/01\/01_2021-22_Relatorio-AFC_novembro.pdf\" target=\"_blank\" rel=\"noreferrer noopener\"><img loading=\"lazy\" decoding=\"async\" width=\"25\" height=\"25\" class=\"wp-image-1951\" style=\"width: 25px;\" src=\"https:\/\/aesabugal.pt\/exp\/wp-content\/uploads\/2025\/01\/pdf.png\" alt=\"\" srcset=\"https:\/\/aesabugal.pt\/exp\/wp-content\/uploads\/2025\/01\/pdf.png 1200w, https:\/\/aesabugal.pt\/exp\/wp-content\/uploads\/2025\/01\/pdf-300x300.png 300w, https:\/\/aesabugal.pt\/exp\/wp-content\/uploads\/2025\/01\/pdf-1024x1024.png 1024w, https:\/\/aesabugal.pt\/exp\/wp-content\/uploads\/2025\/01\/pdf-150x150.png 150w, https:\/\/aesabugal.pt\/exp\/wp-content\/uploads\/2025\/01\/pdf-768x768.png 768w\" sizes=\"auto, (max-width: 25px) 100vw, 25px\" \/><\/a><\/p>\n\n\n\n<p class=\"has-medium-font-size\"><strong>Relat\u00f3rio AFC de Janeiro (1.\u00ba Per\u00edodo) <\/strong><a href=\"https:\/\/aesabugal.pt\/exp\/wp-content\/uploads\/2025\/01\/02_2021-22_Monitorizacao-ACF_1oP_janeiro.pdf\" target=\"_blank\" rel=\"noreferrer noopener\"><img loading=\"lazy\" decoding=\"async\" width=\"25\" height=\"25\" class=\"wp-image-1951\" style=\"width: 25px;\" src=\"https:\/\/aesabugal.pt\/exp\/wp-content\/uploads\/2025\/01\/pdf.png\" alt=\"\" srcset=\"https:\/\/aesabugal.pt\/exp\/wp-content\/uploads\/2025\/01\/pdf.png 1200w, https:\/\/aesabugal.pt\/exp\/wp-content\/uploads\/2025\/01\/pdf-300x300.png 300w, https:\/\/aesabugal.pt\/exp\/wp-content\/uploads\/2025\/01\/pdf-1024x1024.png 1024w, https:\/\/aesabugal.pt\/exp\/wp-content\/uploads\/2025\/01\/pdf-150x150.png 150w, https:\/\/aesabugal.pt\/exp\/wp-content\/uploads\/2025\/01\/pdf-768x768.png 768w\" sizes=\"auto, (max-width: 25px) 100vw, 25px\" \/><\/a><\/p>\n\n\n\n<p class=\"has-medium-font-size\"><strong>Relat\u00f3rio AFC de Julho (3.\u00ba Per\u00edodo) <\/strong><a href=\"https:\/\/aesabugal.pt\/exp\/wp-content\/uploads\/2025\/01\/03_2021_22_Relatorio-AFC_3oP_julho.pdf\" target=\"_blank\" rel=\"noreferrer noopener\"><img loading=\"lazy\" decoding=\"async\" width=\"25\" height=\"25\" class=\"wp-image-1951\" style=\"width: 25px;\" src=\"https:\/\/aesabugal.pt\/exp\/wp-content\/uploads\/2025\/01\/pdf.png\" alt=\"\" srcset=\"https:\/\/aesabugal.pt\/exp\/wp-content\/uploads\/2025\/01\/pdf.png 1200w, https:\/\/aesabugal.pt\/exp\/wp-content\/uploads\/2025\/01\/pdf-300x300.png 300w, https:\/\/aesabugal.pt\/exp\/wp-content\/uploads\/2025\/01\/pdf-1024x1024.png 1024w, https:\/\/aesabugal.pt\/exp\/wp-content\/uploads\/2025\/01\/pdf-150x150.png 150w, https:\/\/aesabugal.pt\/exp\/wp-content\/uploads\/2025\/01\/pdf-768x768.png 768w\" sizes=\"auto, (max-width: 25px) 100vw, 25px\" \/><\/a><\/p>\n\n\n\n<p><\/p>\n","protected":false},"excerpt":{"rendered":"<p>Ano Letivo 2023-2024 Pr\u00e1ticas Inovadoras de Refer\u00eancia Evid\u00eancias &#8211; Maquetes Projetos \u2013 8.\u00ba Ano Evid\u00eancias &#8211; Projetos Investigativos \u2013 12.\u00ba Ano Ano Letivo 2022-2023 Op\u00e7\u00f5es Curriculares_Pedag\u00f3gicas Ano Letivo 2021-2022 Relat\u00f3rio AFC de Novembro Relat\u00f3rio AFC de Janeiro (1.\u00ba Per\u00edodo) Relat\u00f3rio AFC de Julho (3.\u00ba Per\u00edodo)<\/p>\n","protected":false},"author":6,"featured_media":0,"parent":0,"menu_order":0,"comment_status":"closed","ping_status":"closed","template":"","meta":{"footnotes":""},"class_list":["post-1934","page","type-page","status-publish","hentry"],"_links":{"self":[{"href":"https:\/\/aesabugal.pt\/exp\/wp-json\/wp\/v2\/pages\/1934","targetHints":{"allow":["GET"]}}],"collection":[{"href":"https:\/\/aesabugal.pt\/exp\/wp-json\/wp\/v2\/pages"}],"about":[{"href":"https:\/\/aesabugal.pt\/exp\/wp-json\/wp\/v2\/types\/page"}],"author":[{"embeddable":true,"href":"https:\/\/aesabugal.pt\/exp\/wp-json\/wp\/v2\/users\/6"}],"replies":[{"embeddable":true,"href":"https:\/\/aesabugal.pt\/exp\/wp-json\/wp\/v2\/comments?post=1934"}],"version-history":[{"count":25,"href":"https:\/\/aesabugal.pt\/exp\/wp-json\/wp\/v2\/pages\/1934\/revisions"}],"predecessor-version":[{"id":2121,"href":"https:\/\/aesabugal.pt\/exp\/wp-json\/wp\/v2\/pages\/1934\/revisions\/2121"}],"wp:attachment":[{"href":"https:\/\/aesabugal.pt\/exp\/wp-json\/wp\/v2\/media?parent=1934"}],"curies":[{"name":"wp","href":"https:\/\/api.w.org\/{rel}","templated":true}]}}